{"id":2562,"date":"2024-10-23T02:08:20","date_gmt":"2024-10-22T23:08:20","guid":{"rendered":"https:\/\/new.icnaam.org\/?page_id=2562"},"modified":"2024-11-14T20:04:35","modified_gmt":"2024-11-14T17:04:35","slug":"payment","status":"publish","type":"page","link":"https:\/\/icnaam.org\/payment\/","title":{"rendered":"Payment"},"content":{"rendered":"\t\t<div data-elementor-type=\"wp-page\" data-elementor-id=\"2562\" class=\"elementor elementor-2562\">\n\t\t\t\t<div class=\"elementor-element elementor-element-7cef854 e-flex e-con-boxed e-con e-parent\" data-id=\"7cef854\" data-element_type=\"container\">\n\t\t\t\t\t<div class=\"e-con-inner\">\n\t\t\t\t<div class=\"elementor-element elementor-element-8db6f3b elementor-widget elementor-widget-text-editor\" data-id=\"8db6f3b\" data-element_type=\"widget\" data-widget_type=\"text-editor.default\">\n\t\t\t\t<div class=\"elementor-widget-container\">\n\t\t\t\t\t\t\t<h3 style=\"text-align: center;\">Payment Methods<\/h3>\n<div>Please proceed to the payment your registration fees using one of the following methods:<\/div>\t\t\t\t\t\t<\/div>\n\t\t\t\t<\/div>\n\t\t\t\t\t<\/div>\n\t\t\t\t<\/div>\n\t\t<div class=\"elementor-element elementor-element-f06f3d9 e-flex e-con-boxed e-con e-parent\" data-id=\"f06f3d9\" data-element_type=\"container\" data-settings=\"{&quot;background_background&quot;:&quot;classic&quot;}\">\n\t\t\t\t\t<div class=\"e-con-inner\">\n\t\t<div class=\"elementor-element elementor-element-b43e113 e-con-full e-flex e-con e-child\" data-id=\"b43e113\" data-element_type=\"container\">\n\t\t<div class=\"elementor-element elementor-element-41372ea e-con-full e-flex e-con e-child\" data-id=\"41372ea\" data-element_type=\"container\" data-settings=\"{&quot;background_background&quot;:&quot;classic&quot;}\">\n\t\t\t\t<div class=\"elementor-element elementor-element-10e6ec8b elementor-widget elementor-widget-text-editor\" data-id=\"10e6ec8b\" data-element_type=\"widget\" data-widget_type=\"text-editor.default\">\n\t\t\t\t<div class=\"elementor-widget-container\">\n\t\t\t\t\t\t\t<figure><h4 style=\"text-align: center;\"><span style=\"text-decoration: underline;\">1. Pay by Credit Card (via JCC Platform)<\/span><\/h4><div>Payments by Credit Cards can be made through JCC Payment platform.<\/div><div>Please follow the steps to pay your registration fees via Credit Card:<\/div><ol><li><b><u>Create a Personal Account:<\/u><\/b> <a href=\"https:\/\/www.jccsmart.com\/register\" rel=\"noopener\">Enter JCC Payment Platform<\/a><br \/>Register with your personal details to create a profile.<\/li><li><u><strong>Pay Your Registration Fees<\/strong>:<\/u> After account setup, proceed to <a href=\"https:\/\/www.jccsmart.com\/businesses\/23258031\/pay\/7927\" rel=\"noopener\">ICNAAM Conference Payment<\/a>.<br \/>Enter &#8220;ICNAAM Conference,&#8221; your name, email, and registration fee amount. Complete the payment process and wait for a confirmation email from the JCC Platform.<\/li><li><b>After we receive your payment (this can take 1-2 business days) the secretary of the conference will contact you and confirm your registration.<\/b><\/li><\/ol><\/figure><p><!-- \/wp:table --><\/p>\t\t\t\t\t\t<\/div>\n\t\t\t\t<\/div>\n\t\t\t\t<div class=\"elementor-element elementor-element-adc83aa elementor-align-center elementor-widget elementor-widget-button\" data-id=\"adc83aa\" data-element_type=\"widget\" data-widget_type=\"button.default\">\n\t\t\t\t<div class=\"elementor-widget-container\">\n\t\t\t\t\t\t\t<div class=\"elementor-button-wrapper\">\n\t\t\t\t\t<a class=\"elementor-button elementor-button-link elementor-size-sm\" href=\"https:\/\/www.jccsmart.com\/businesses\/23258031\/pay\/7927\" target=\"_blank\">\n\t\t\t\t\t\t<span class=\"elementor-button-content-wrapper\">\n\t\t\t\t\t\t\t\t\t<span class=\"elementor-button-text\">ICNAAM Registration Payment by Card<\/span>\n\t\t\t\t\t<\/span>\n\t\t\t\t\t<\/a>\n\t\t\t\t<\/div>\n\t\t\t\t\t\t<\/div>\n\t\t\t\t<\/div>\n\t\t\t\t<\/div>\n\t\t\t\t<\/div>\n\t\t<div class=\"elementor-element elementor-element-9c76805 e-con-full e-flex e-con e-child\" data-id=\"9c76805\" data-element_type=\"container\">\n\t\t<div class=\"elementor-element elementor-element-bcfb9b2 e-con-full e-flex e-con e-child\" data-id=\"bcfb9b2\" data-element_type=\"container\" data-settings=\"{&quot;background_background&quot;:&quot;classic&quot;}\">\n\t\t\t\t<div class=\"elementor-element elementor-element-d10aaf0 elementor-widget elementor-widget-text-editor\" data-id=\"d10aaf0\" data-element_type=\"widget\" data-widget_type=\"text-editor.default\">\n\t\t\t\t<div class=\"elementor-widget-container\">\n\t\t\t\t\t\t\t<figure><h4 style=\"text-align: center;\"><span style=\"text-decoration: underline;\">2. Pay by Bank Transfer<\/span><\/h4><div>Please proceed to the payment of your registration fees through bank deposit to the following bank account:<\/div><div>\u00a0<\/div><div><b><u>Regalscope bank account details:<\/u><\/b><\/div><ul><li><p><span style=\"color: #3366ff;\"><strong>Beneficiary<\/strong>: Regalscope Limited<\/span><br \/><span style=\"color: #3366ff;\"><strong>Bank<\/strong>: Soci\u00e9t\u00e9 G\u00e9n\u00e9rale Bank Cyprus<\/span><br \/><span style=\"color: #3366ff;\"><strong>IBAN<\/strong>: CY50 0120 0003 3001 3600 5064 2014<\/span><br \/><span style=\"color: #3366ff;\"><strong>BIC<\/strong>: SOGECY2N<\/span><br \/><span style=\"color: #3366ff;\"><strong>VAT<\/strong>: 10308996K<\/span><\/p><\/li><li><p><strong>Important<\/strong>: After payment, send the bank transfer receipt to both:<\/p><ul><li><a rel=\"noopener\">secretary@icnaam.org<\/a><\/li><li><a rel=\"noopener\">chairman@icnaam.org<\/a><\/li><\/ul><\/li><\/ul><p>Please ensure all bank charges are covered by the sender.\u00a0<\/p><p><b>Your registration is only complete after we receive the payment confirmation from our bank.<\/b><\/p><hr \/><h4>\u00a0<\/h4><h4><strong>Attention<\/strong>:<\/h4><ul><li><b>Your registration remains incomplete until payment is confirmed.<\/b><\/li><li>For any questions or assistance, contact us at <a rel=\"noopener\">secretary@icnaam.org<\/a><\/li><\/ul><\/figure><p><!-- \/wp:table --><\/p>\t\t\t\t\t\t<\/div>\n\t\t\t\t<\/div>\n\t\t\t\t<\/div>\n\t\t\t\t<\/div>\n\t\t\t\t\t<\/div>\n\t\t\t\t<\/div>\n\t\t<div class=\"elementor-element elementor-element-40013f5 e-flex e-con-boxed e-con e-parent\" data-id=\"40013f5\" data-element_type=\"container\">\n\t\t\t\t\t<div class=\"e-con-inner\">\n\t\t\t\t<div class=\"elementor-element elementor-element-e8c7e9e elementor-widget elementor-widget-spacer\" data-id=\"e8c7e9e\" data-element_type=\"widget\" data-widget_type=\"spacer.default\">\n\t\t\t\t<div class=\"elementor-widget-container\">\n\t\t\t\t\t<div class=\"elementor-spacer\">\n\t\t\t<div class=\"elementor-spacer-inner\"><\/div>\n\t\t<\/div>\n\t\t\t\t<\/div>\n\t\t\t\t<\/div>\n\t\t\t\t\t<\/div>\n\t\t\t\t<\/div>\n\t\t<div class=\"elementor-element elementor-element-f615754 e-flex e-con-boxed e-con e-parent\" data-id=\"f615754\" data-element_type=\"container\">\n\t\t\t\t\t<div class=\"e-con-inner\">\n\t\t\t\t<div class=\"elementor-element elementor-element-2fa2771 elementor-align-center elementor-widget elementor-widget-button\" data-id=\"2fa2771\" data-element_type=\"widget\" data-widget_type=\"button.default\">\n\t\t\t\t<div class=\"elementor-widget-container\">\n\t\t\t\t\t\t\t<div class=\"elementor-button-wrapper\">\n\t\t\t\t\t<a class=\"elementor-button elementor-button-link elementor-size-sm\" href=\"https:\/\/icnaam.org\/\">\n\t\t\t\t\t\t<span class=\"elementor-button-content-wrapper\">\n\t\t\t\t\t\t\t\t\t<span class=\"elementor-button-text\">Return to ICNAAM Homepage<\/span>\n\t\t\t\t\t<\/span>\n\t\t\t\t\t<\/a>\n\t\t\t\t<\/div>\n\t\t\t\t\t\t<\/div>\n\t\t\t\t<\/div>\n\t\t\t\t\t<\/div>\n\t\t\t\t<\/div>\n\t\t\t\t<\/div>\n\t\t","protected":false},"excerpt":{"rendered":"<p>Payment Methods Please proceed to the payment your registration fees using one of the following methods: 1. Pay by Credit [&hellip;]<\/p>\n","protected":false},"author":1,"featured_media":0,"parent":0,"menu_order":0,"comment_status":"closed","ping_status":"closed","template":"","meta":{"site-sidebar-layout":"default","site-content-layout":"","ast-site-content-layout":"","site-content-style":"default","site-sidebar-style":"default","ast-global-header-display":"","ast-banner-title-visibility":"","ast-main-header-display":"","ast-hfb-above-header-display":"","ast-hfb-below-header-display":"","ast-hfb-mobile-header-display":"","site-post-title":"","ast-breadcrumbs-content":"","ast-featured-img":"","footer-sml-layout":"","theme-transparent-header-meta":"","adv-header-id-meta":"","stick-header-meta":"","header-above-stick-meta":"","header-main-stick-meta":"","header-below-stick-meta":"","astra-migrate-meta-layouts":"default","ast-page-background-enabled":"default","ast-page-background-meta":{"desktop":{"background-color":"var(--ast-global-color-4)","background-image":"","background-repeat":"repeat","background-position":"center center","background-size":"auto","background-attachment":"scroll","background-type":"","background-media":"","overlay-type":"","overlay-color":"","overlay-opacity":"","overlay-gradient":""},"tablet":{"background-color":"","background-image":"","background-repeat":"repeat","background-position":"center center","background-size":"auto","background-attachment":"scroll","background-type":"","background-media":"","overlay-type":"","overlay-color":"","overlay-opacity":"","overlay-gradient":""},"mobile":{"background-color":"","background-image":"","background-repeat":"repeat","background-position":"center center","background-size":"auto","background-attachment":"scroll","background-type":"","background-media":"","overlay-type":"","overlay-color":"","overlay-opacity":"","overlay-gradient":""}},"ast-content-background-meta":{"desktop":{"background-color":"var(--ast-global-color-5)","background-image":"","background-repeat":"repeat","background-position":"center center","background-size":"auto","background-attachment":"scroll","background-type":"","background-media":"","overlay-type":"","overlay-color":"","overlay-opacity":"","overlay-gradient":""},"tablet":{"background-color":"var(--ast-global-color-5)","background-image":"","background-repeat":"repeat","background-position":"center center","background-size":"auto","background-attachment":"scroll","background-type":"","background-media":"","overlay-type":"","overlay-color":"","overlay-opacity":"","overlay-gradient":""},"mobile":{"background-color":"var(--ast-global-color-5)","background-image":"","background-repeat":"repeat","background-position":"center center","background-size":"auto","background-attachment":"scroll","background-type":"","background-media":"","overlay-type":"","overlay-color":"","overlay-opacity":"","overlay-gradient":""}},"footnotes":""},"class_list":["post-2562","page","type-page","status-publish","hentry"],"_links":{"self":[{"href":"https:\/\/icnaam.org\/wp-json\/wp\/v2\/pages\/2562","targetHints":{"allow":["GET"]}}],"collection":[{"href":"https:\/\/icnaam.org\/wp-json\/wp\/v2\/pages"}],"about":[{"href":"https:\/\/icnaam.org\/wp-json\/wp\/v2\/types\/page"}],"author":[{"embeddable":true,"href":"https:\/\/icnaam.org\/wp-json\/wp\/v2\/users\/1"}],"replies":[{"embeddable":true,"href":"https:\/\/icnaam.org\/wp-json\/wp\/v2\/comments?post=2562"}],"version-history":[{"count":42,"href":"https:\/\/icnaam.org\/wp-json\/wp\/v2\/pages\/2562\/revisions"}],"predecessor-version":[{"id":3975,"href":"https:\/\/icnaam.org\/wp-json\/wp\/v2\/pages\/2562\/revisions\/3975"}],"wp:attachment":[{"href":"https:\/\/icnaam.org\/wp-json\/wp\/v2\/media?parent=2562"}],"curies":[{"name":"wp","href":"https:\/\/api.w.org\/{rel}","templated":true}]}}