{"id":3321,"date":"2024-11-10T14:32:34","date_gmt":"2024-11-10T11:32:34","guid":{"rendered":"https:\/\/icnaam.org\/?page_id=3321"},"modified":"2025-08-29T21:34:04","modified_gmt":"2025-08-29T18:34:04","slug":"the-scientific-committee","status":"publish","type":"page","link":"https:\/\/icnaam.org\/nafluids2025\/the-scientific-committee\/","title":{"rendered":"The scientific committee"},"content":{"rendered":"\t\t<div data-elementor-type=\"wp-page\" data-elementor-id=\"3321\" class=\"elementor elementor-3321\">\n\t\t\t\t<div class=\"elementor-element elementor-element-882cac2 e-con-full e-flex e-con e-parent\" data-id=\"882cac2\" data-element_type=\"container\">\n\t\t<div class=\"elementor-element elementor-element-7dc009b4 e-con-full e-flex e-con e-child\" data-id=\"7dc009b4\" data-element_type=\"container\">\n\t\t<div class=\"elementor-element elementor-element-fffa84a e-con-full e-flex e-con e-child\" data-id=\"fffa84a\" data-element_type=\"container\" data-settings=\"{&quot;background_background&quot;:&quot;classic&quot;}\">\n\t\t\t\t<div class=\"elementor-element elementor-element-191a660a elementor-widget__width-inherit elementor-widget elementor-widget-heading\" data-id=\"191a660a\" data-element_type=\"widget\" data-widget_type=\"heading.default\">\n\t\t\t\t<div class=\"elementor-widget-container\">\n\t\t\t<h4 class=\"elementor-heading-title elementor-size-default\">The scientific committee<\/h4>\t\t<\/div>\n\t\t\t\t<\/div>\n\t\t\t\t<\/div>\n\t\t\t\t<div class=\"elementor-element elementor-element-2ea57ec7 elementor-widget elementor-widget-text-editor\" data-id=\"2ea57ec7\" data-element_type=\"widget\" data-widget_type=\"text-editor.default\">\n\t\t\t\t<div class=\"elementor-widget-container\">\n\t\t\t\t\t\t\t<h5 style=\"text-align: center;\"><strong>Numerical Fluids 2025<\/strong><\/h5><h6>\u00a0<\/h6><h6><span style=\"text-decoration: underline;\"><strong>Chair: <\/strong><a href=\"http:\/\/www.gju.edu.jo\/content\/dr-dia-zeidan-1624\" target=\"_blank\" rel=\"noopener\"><strong>Dia Zeidan<\/strong><\/a>,<\/span> School of Electrical Engineering and Information Technology, German Jordanian University, Amman, Jordan<\/h6><h6><span style=\"text-decoration: underline;\"><strong>Vice-Chair: <\/strong><\/span><strong><span style=\"text-decoration: underline;\">Ashoke De<\/span>,\u00a0<\/strong>Department of Aerospace Engineering, Indian Institute of Technology Kanpur, Kanpur, India<\/h6><h6><strong>Eric Goncalves<\/strong>, Department of Aeronautical Engineering, Laboratory Pprime, Poitiers, France<\/h6><h6><span style=\"text-decoration: underline;\"><strong>Symposium Founder: <\/strong>Pawel Kosinski<\/span>, Department of Physics and Technology, University of Bergen, Bergen, Norway<\/h6><h2>\u00a0<\/h2><h6>Honorary Advisory Committee<\/h6><ul><li><strong>Remi Abgrall,<\/strong>\u00a0Institut f\u00fcr Mathematik, Universit\u00e4t Z\u00fcrich, Switzerland<\/li><li><strong>Matania Ben-Artzi,<\/strong>\u00a0Einstein Institute of Mathematics, Hebrew University, Israel<\/li><li><strong>Marwan Darwish,<\/strong>\u00a0Department of Mechanical Engineering, American University of Beirut, Lebanon<\/li><li><strong>Peter Farber<\/strong>, IMH, Hochschule Niederrhein &#8211; University of Applied Sciences, Germany<\/li><li><strong>Miloslav Feistauer,<\/strong>\u00a0Faculty of Mathematics and Physics, Charles University, Czech Republic<\/li><li><strong>Charis Harley,<\/strong>\u00a0Faculty of Engineering and the Built Environment, University of Johannesburg, South Africa<\/li><li><strong>Jiequan Li<\/strong>, Institute of Applied Physics and Computational Mathematics, China<\/li><li><strong>Pawel Kosinski,<\/strong>\u00a0Department of Physics and Technology, University of Bergen, Norway<\/li><li><strong>Marco Marengo,<\/strong>\u00a0Department of Civil Engineering and Architecture, University of Pavia, Italy<\/li><li><strong>Evgeniy Romenski,<\/strong>\u00a0Sobolev Institute of Mathematics, Siberian Branch of the Russian Academy of Sciences, Russia<\/li><li><strong>Sergei Sazhin,<\/strong>\u00a0Sir Harry Ricardo Laboratories, School of Computing, Engineering and Mathematics, University of Brighton, UK<\/li><li><strong>Maria Vittoria Salvetti,<\/strong>\u00a0DICI, University of Pisa, Italy<\/li><li><strong>M. Ziad Saghir,<\/strong>\u00a0Department of Mechanical and Industrial Engineering, Toronto Metropolitan University, Canada<\/li><li><strong>Arezki Slaouti,<\/strong>\u00a0School of Engineering and Technology, PSB Academy, Singapore<\/li><li><strong>Evgeny Timofeev,<\/strong>\u00a0Department of Mechanical Engineering, McGill University, Canada<\/li><li><strong>Eleuterio F. Toro,<\/strong>\u00a0Laboratory of Applied Mathematics, Department of Civil and Environmental Engineering, University of Trento, Italy<\/li><li><strong>Paul Tucker,<\/strong>\u00a0Department of Engineering, University of Cambridge, UK<\/li><li><strong>Sergey V. Utyuzhnikov,<\/strong>\u00a0School of Mechanical, Aerospace and Civil Engineering, the University of Manchester, UK<\/li><li><strong>Gerald Warnecke,<\/strong> Institute for Analysis and Numerics, Otto von Guericke University, Magdeburg, Germany<\/li><\/ul><h6><strong>International Scientific Committee<\/strong><\/h6><ul><li><strong><a href=\"https:\/\/www.bue.edu.eg\/bue_person\/draft-created-on-september-23-2018-at-747-am\/\" target=\"_blank\" rel=\"noopener\">Sara I. Abdelsalam<\/a><\/strong>,\u00a0Faculty of Engineering, The British University in Egypt, Egypt<\/li><li><strong><a href=\"http:\/\/www.up.ac.za\/en\/mathematics-and-applied-mathematics\/article\/1942076\/en\/new-students\/article\/262617\/postgraduate-students\" target=\"_blank\" rel=\"noopener\">Appanah Rao Appadu<\/a>,<\/strong>\u00a0Department of Mathematics and Applied Mathematics, University of Pretoria, South Africa<\/li><li><strong><a href=\"https:\/\/www.hvl.no\/en\/employee\/?user=3609790\" target=\"_blank\" rel=\"noopener\">Boris Balakin<\/a><\/strong>, Department of Mechanical and Marine Engineering, Western Norway University of Applied Sciences, Norway<\/li><li><strong><a href=\"http:\/\/home.iitk.ac.in\/~ashoke\/\" target=\"_blank\" rel=\"noopener\">Ashoke De<\/a>,<\/strong>\u00a0Department of Aerospace Engineering, Indian Institute of Technology Kanpur, Kanpur, India<\/li><li><strong><a href=\"http:\/\/www.pprime.fr\/\" target=\"_blank\" rel=\"noopener\">Eric Goncalves<\/a>,<\/strong>\u00a0Department of Aeronautical Engineering, Laboratory Pprime, Poitiers, France<\/li><li><strong><a href=\"https:\/\/www.coria.fr\/fiche_annuaire\/abdellah-hadjadj\/\" target=\"_blank\" rel=\"noopener\">Abdellah Hadjadj<\/a><\/strong>, INSA of Rouen, CORIA, CNRS, France<\/li><li><strong><a href=\"https:\/\/www.uj.ac.za\/members\/sheldon-rhameez-herbst\/\" target=\"_blank\" rel=\"noopener\">R. Sheldon Herbst<\/a><\/strong>,\u00a0Department of Mathematics and Applied Mathematics, University of Johannesburg, South Africa<\/li><li><a href=\"https:\/\/trios.tsukuba.ac.jp\/en\/researcher\/3535\" target=\"_blank\" rel=\"noopener\"><strong>Tetsuya Kanagawa<\/strong><\/a>,\u00a0Department of Engineering Mechanics and Energy, University of Tsukuba, Japan<\/li><li><strong><a href=\"http:\/\/davangereuniversity.ac.in\/mathematics-faculty\/\" target=\"_blank\" rel=\"noopener\">U.S. Mahabaleshwar<\/a><\/strong>,\u00a0Department of Mathematics, Davangere University, Davangere, India<\/li><li><strong><a href=\"https:\/\/mnz.htwk-leipzig.de\/en\/mnz\/personen\/professuren\/prof-dr-rer-nat-habil-jochen-merker\/\" target=\"_blank\" rel=\"noopener\">Jochen Merker<\/a><\/strong>, MNZ, Leipzig University of Applied Sciences, Leipzig, Germany<\/li><li><strong><a href=\"https:\/\/www.concordia.ca\/faculty\/hoi-dick-ng.html\" target=\"_blank\" rel=\"noopener\">Hoi Dick Ng<\/a><\/strong><strong>,\u00a0<\/strong>Department of Mechanical and Industrial Engineering, Concordia University, Canada<\/li><li><strong><a href=\"https:\/\/akademi.itu.edu.tr\/en\/tozer\/\" target=\"_blank\" rel=\"noopener\">Teoman \u00d6zer<\/a><\/strong>,\u00a0Division of Mechanics, Faculty of Civil Engineering, Istanbul Technical University, Istanbul, Turkey<\/li><li><a href=\"http:\/\/School of Electrical Engineering and Information Technology\" data-wplink-url-error=\"true\"><strong>Abdelhakim Settar,<\/strong><\/a> INSA Centre Val de Loire, Universit\u00e9 Orl\u00e9ans, PRISME EA 4229, 18020, Bourges, France<\/li><li><strong><a href=\"https:\/\/www.durham.ac.uk\/staff\/m-seaid\/\" target=\"_blank\" rel=\"noopener\">Mohammed Seaid<\/a><\/strong>,\u00a0School of Engineering and Computing Sciences, University of Durham, UK\u00a0<\/li><li><b><a href=\"https:\/\/www.acom.rwth-aachen.de\/the-lab\/team-people\/name:satyvir_singh\">Satyvir Singh<\/a>,<\/b> Institute for Applied and Computational Mathematics, RWTH Aachen University , 52062 Aachen, Germany<\/li><li><strong><a href=\"https:\/\/marian.fsik.cvut.cz\/~svacek\/\" target=\"_blank\" rel=\"noopener\">Petr Svacek<\/a><\/strong>,\u00a0Department of Technical Mathematics, Czech Technical University, Czech Republic<\/li><li><strong><a href=\"http:\/\/mh.mec.upt.ro\/Index.aspx?p=staff&amp;id=41e8e8c1-a39b-4390-9baa-3517f6b07d66\" target=\"_blank\" rel=\"noopener\">Alin Totorean<\/a>,\u00a0<\/strong>Department of Mechanics and Strength of Materials, Politehnica University Timisoara, Romania<\/li><li><strong><a href=\"http:\/\/sas.lau.edu.lb\/csm\/people\/rony-touma.php\" target=\"_blank\" rel=\"noopener\">Rony Touma<\/a>,<\/strong>\u00a0Department of Computer Science &amp; Mathematics, Lebanese American University, Lebanon<\/li><li><strong><a href=\"https:\/\/www.uwe.ac.uk\/research\/centres-and-groups\/emsg\" target=\"_blank\" rel=\"noopener\">Yufeng Yao<\/a><\/strong>,\u00a0School of Engineering, University of the West of England, UK<\/li><li><strong><a href=\"http:\/\/www.gju.edu.jo\/content\/dr-dia-zeidan-1624\" target=\"_blank\" rel=\"noopener\">Dia Zeidan<\/a>,<\/strong> School of Electrical Engineering and Information Technology, German Jordanian University, Jordan<\/li><li><a href=\"http:\/\/homepages.rpi.edu\/~zhangl12\/Lucy_Zhang-RPI\/Home.html\" target=\"_blank\" rel=\"noopener\"><strong>Lucy Zhang<\/strong><\/a>, Department of Mechanical, Aerospace and Nuclear Engineering, Rensselaer Polytechnic Institute, USA<\/li><\/ul>\t\t\t\t\t\t<\/div>\n\t\t\t\t<\/div>\n\t\t\t\t<\/div>\n\t\t<div class=\"elementor-element elementor-element-78c30eb7 e-con-full e-flex e-con e-child\" data-id=\"78c30eb7\" data-element_type=\"container\">\n\t\t<div class=\"elementor-element elementor-element-5c62b880 e-con-full e-flex e-con e-child\" data-id=\"5c62b880\" data-element_type=\"container\">\n\t\t\t\t<div class=\"elementor-element elementor-element-13a2e107 elementor-widget elementor-widget-shortcode\" data-id=\"13a2e107\" data-element_type=\"widget\" data-widget_type=\"shortcode.default\">\n\t\t\t\t<div class=\"elementor-widget-container\">\n\t\t\t\t\t<div class=\"elementor-shortcode\"><div id=\"block-25\" class=\"widget-container widget_block\">\n<div class=\"wp-block-group alignwide has-background is-vertical is-content-justification-stretch is-nowrap is-layout-flex wp-container-core-group-is-layout-b3db7ae9 wp-block-group-is-layout-flex\" style=\"border-width:2px;border-radius:2px;background-color:#b2b2b23d;margin-top:var(--wp--preset--spacing--20);margin-bottom:var(--wp--preset--spacing--20);padding-top:var(--wp--preset--spacing--20);padding-right:var(--wp--preset--spacing--20);padding-bottom:var(--wp--preset--spacing--20);padding-left:var(--wp--preset--spacing--20)\">\n<h5 class=\"wp-block-heading has-text-align-center has-ast-global-color-8-color has-ast-global-color-4-background-color has-text-color has-background has-link-color wp-elements-cd91c37b992b55200da83d3af2b21a25\" style=\"border-style:none;border-width:0px;margin-top:var(--wp--preset--spacing--40);margin-right:var(--wp--preset--spacing--40);margin-bottom:var(--wp--preset--spacing--40);margin-left:var(--wp--preset--spacing--40);padding-top:var(--wp--preset--spacing--40);padding-right:var(--wp--preset--spacing--40);padding-bottom:var(--wp--preset--spacing--40);padding-left:var(--wp--preset--spacing--40)\"><a href=\"https:\/\/icnaam.org\/nafluids2025\/\" data-type=\"page\" data-id=\"3311\">Numerical Fluids 2025<\/a><\/h5>\n\n\n<ul style=\"font-size:16px;text-transform:capitalize;\" class=\"wp-block-page-list\"><li class=\"wp-block-pages-list__item\"><a class=\"wp-block-pages-list__item__link\" href=\"https:\/\/icnaam.org\/nafluids2025\/publications-and-deadlines\/\">Publications and deadlines<\/a><\/li><li class=\"wp-block-pages-list__item\"><a class=\"wp-block-pages-list__item__link\" href=\"https:\/\/icnaam.org\/nafluids2025\/the-scope-of-the-symposium\/\">The scope of the symposium<\/a><\/li><li class=\"wp-block-pages-list__item\"><a class=\"wp-block-pages-list__item__link\" href=\"https:\/\/icnaam.org\/nafluids2025\/the-scientific-committee\/\">The scientific committee<\/a><\/li><li class=\"wp-block-pages-list__item\"><a class=\"wp-block-pages-list__item__link\" href=\"https:\/\/icnaam.org\/nafluids2025\/mini-symposia-meshless-particle-methods\/\">Mini-Symposia: Meshless Particle Methods<\/a><\/li><li class=\"wp-block-pages-list__item\"><a class=\"wp-block-pages-list__item__link\" href=\"https:\/\/icnaam.org\/nafluids2025\/history\/\">History<\/a><\/li><li class=\"wp-block-pages-list__item\"><a class=\"wp-block-pages-list__item__link\" href=\"https:\/\/icnaam.org\/nafluids2025\/call-for-sessions\/\">Call for sessions<\/a><\/li><li class=\"wp-block-pages-list__item\"><a class=\"wp-block-pages-list__item__link\" href=\"https:\/\/icnaam.org\/nafluids2025\/venue\/\">Venue<\/a><\/li><li class=\"wp-block-pages-list__item\"><a class=\"wp-block-pages-list__item__link\" href=\"https:\/\/icnaam.org\/nafluids2025\/contact-details\/\">Contact details<\/a><\/li><li class=\"wp-block-pages-list__item\"><a class=\"wp-block-pages-list__item__link\" href=\"https:\/\/icnaam.org\/nafluids2025\/frequently-asked-questions-faq\/\">Frequently asked questions (FAQ)<\/a><\/li><li class=\"wp-block-pages-list__item\"><a class=\"wp-block-pages-list__item__link\" href=\"https:\/\/icnaam.org\/nafluids2025\/springer_publication_nafluids2025\/\">Call for Book Chapters in Shock Wave Dynamics: From Classical Models to Machine Learning Applications \u2013 Numerical Fluids 2025<\/a><\/li><\/ul>\n\n\n<p class=\"has-text-align-center has-ast-global-color-4-background-color has-background\" style=\"padding-top:var(--wp--preset--spacing--20);padding-right:var(--wp--preset--spacing--30);padding-bottom:var(--wp--preset--spacing--20);padding-left:var(--wp--preset--spacing--30)\"><strong>Supporting Publication:<\/strong><\/p>\n\n\n\n<figure class=\"wp-block-table\"><table class=\"has-ast-global-color-5-background-color has-background has-fixed-layout\"><tbody><tr><td class=\"has-text-align-center\" data-align=\"center\"><img loading=\"lazy\" decoding=\"async\" width=\"150\" height=\"45\" class=\"wp-image-4603\" style=\"width: 150px;\" src=\"https:\/\/icnaam.org\/wp-content\/uploads\/2025\/08\/springer_logo.png\" alt=\"\" srcset=\"https:\/\/icnaam.org\/wp-content\/uploads\/2025\/08\/springer_logo.png 528w, https:\/\/icnaam.org\/wp-content\/uploads\/2025\/08\/springer_logo-300x89.png 300w\" sizes=\"(max-width: 150px) 100vw, 150px\" \/><br><a href=\"https:\/\/icnaam.org\/nafluids2025\/springer_publication_nafluids2025\/\">Call for Book Chapters in Shock Wave Dynamics: From Classical Models to Machine Learning Applications \u2013 Numerical Fluids 2025<\/a><\/td><\/tr><\/tbody><\/table><\/figure>\n\n\n\n<p class=\"has-text-align-center has-ast-global-color-4-background-color has-background\" style=\"padding-top:var(--wp--preset--spacing--20);padding-right:var(--wp--preset--spacing--30);padding-bottom:var(--wp--preset--spacing--20);padding-left:var(--wp--preset--spacing--30)\"><strong>Organizers &amp; Sponsors:<\/strong><\/p>\n\n\n\n<figure class=\"wp-block-table aligncenter is-style-regular has-medium-font-size\"><table style=\"border-width:1px\"><tbody><tr><td class=\"has-text-align-center\" data-align=\"center\"><a href=\"https:\/\/www.gju.edu.jo\/\"><img loading=\"lazy\" decoding=\"async\" width=\"150\" height=\"105\" class=\"wp-image-3648\" style=\"width: 150px;\" src=\"https:\/\/icnaam.org\/wp-content\/uploads\/2024\/11\/GJU-Logo.jpg\" alt=\"\" srcset=\"https:\/\/icnaam.org\/wp-content\/uploads\/2024\/11\/GJU-Logo.jpg 1000w, https:\/\/icnaam.org\/wp-content\/uploads\/2024\/11\/GJU-Logo-300x209.jpg 300w, https:\/\/icnaam.org\/wp-content\/uploads\/2024\/11\/GJU-Logo-768x535.jpg 768w\" sizes=\"(max-width: 150px) 100vw, 150px\" \/><\/a><\/td><td class=\"has-text-align-center\" data-align=\"center\"><a href=\"https:\/\/www.iitk.ac.in\/\"><img loading=\"lazy\" decoding=\"async\" width=\"150\" height=\"100\" class=\"wp-image-3652\" style=\"width: 150px;\" src=\"https:\/\/icnaam.org\/wp-content\/uploads\/2024\/11\/Logo-ISAE-ENSMAf531.jpg\" alt=\"\"><\/a><\/td><\/tr><tr><td class=\"has-text-align-center\" data-align=\"center\"><a href=\"https:\/\/www.wits.ac.za\/coe-mass\/\"><img loading=\"lazy\" decoding=\"async\" loading=\"lazy\" width=\"150\" height=\"77\" class=\"wp-image-3650\" style=\"width: 150px;\" src=\"https:\/\/icnaam.org\/wp-content\/uploads\/2024\/11\/LAE3.png\" alt=\"\" srcset=\"https:\/\/icnaam.org\/wp-content\/uploads\/2024\/11\/LAE3.png 632w, https:\/\/icnaam.org\/wp-content\/uploads\/2024\/11\/LAE3-300x155.png 300w\" sizes=\"auto, (max-width: 150px) 100vw, 150px\" \/><\/a><\/td><td class=\"has-text-align-center\" data-align=\"center\"><a href=\"https:\/\/www.uwe.ac.uk\/research\/centres-and-groups\/emsg\"><img loading=\"lazy\" decoding=\"async\" loading=\"lazy\" width=\"150\" height=\"73\" class=\"wp-image-3649\" style=\"width: 150px;\" src=\"https:\/\/icnaam.org\/wp-content\/uploads\/2024\/11\/University-of-the-West-of-England.png\" alt=\"\"><\/a><\/td><\/tr><tr><td class=\"has-text-align-center\" data-align=\"center\"><a href=\"https:\/\/www.iitk.ac.in\/\"><img loading=\"lazy\" decoding=\"async\" loading=\"lazy\" width=\"150\" height=\"143\" class=\"wp-image-3651\" style=\"width: 150px;\" src=\"https:\/\/icnaam.org\/wp-content\/uploads\/2024\/11\/3_0.jpg\" alt=\"\"><\/a><\/td><td class=\"has-text-align-center\" data-align=\"center\"><a href=\"https:\/\/www.acom.rwth-aachen.de\/\" data-type=\"link\" data-id=\"https:\/\/www.acom.rwth-aachen.de\/\"><img loading=\"lazy\" decoding=\"async\" loading=\"lazy\" width=\"200\" height=\"51\" class=\"wp-image-4609\" style=\"width: 200px;\" src=\"https:\/\/icnaam.org\/wp-content\/uploads\/2025\/08\/rwth_acom.jpg\" alt=\"\" srcset=\"https:\/\/icnaam.org\/wp-content\/uploads\/2025\/08\/rwth_acom.jpg 1474w, https:\/\/icnaam.org\/wp-content\/uploads\/2025\/08\/rwth_acom-300x77.jpg 300w, https:\/\/icnaam.org\/wp-content\/uploads\/2025\/08\/rwth_acom-1024x263.jpg 1024w, https:\/\/icnaam.org\/wp-content\/uploads\/2025\/08\/rwth_acom-768x197.jpg 768w\" sizes=\"auto, (max-width: 200px) 100vw, 200px\" \/><\/a><\/td><\/tr><\/tbody><\/table><\/figure>\n\n\n\n<p><\/p>\n\n\n\n<p><\/p>\n<\/div>\n<\/div><\/div>\n\t\t\t\t<\/div>\n\t\t\t\t<\/div>\n\t\t\t\t<\/div>\n\t\t\t\t<\/div>\n\t\t\t\t<\/div>\n\t\t<div class=\"elementor-element elementor-element-50a4a01b e-flex e-con-boxed e-con e-parent\" data-id=\"50a4a01b\" data-element_type=\"container\">\n\t\t\t\t\t<div class=\"e-con-inner\">\n\t\t\t\t\t<\/div>\n\t\t\t\t<\/div>\n\t\t\t\t<\/div>\n\t\t","protected":false},"excerpt":{"rendered":"<p>The scientific committee Numerical Fluids 2025 \u00a0 Chair: Dia Zeidan, School of Electrical Engineering and Information Technology, German Jordanian University, [&hellip;]<\/p>\n","protected":false},"author":1,"featured_media":0,"parent":3311,"menu_order":3,"comment_status":"closed","ping_status":"closed","template":"","meta":{"site-sidebar-layout":"no-sidebar","site-content-layout":"","ast-site-content-layout":"full-width-container","site-content-style":"default","site-sidebar-style":"default","ast-global-header-display":"","ast-banner-title-visibility":"","ast-main-header-display":"","ast-hfb-above-header-display":"","ast-hfb-below-header-display":"","ast-hfb-mobile-header-display":"","site-post-title":"disabled","ast-breadcrumbs-content":"","ast-featured-img":"disabled","footer-sml-layout":"","theme-transparent-header-meta":"","adv-header-id-meta":"","stick-header-meta":"","header-above-stick-meta":"","header-main-stick-meta":"","header-below-stick-meta":"","astra-migrate-meta-layouts":"default","ast-page-background-enabled":"default","ast-page-background-meta":{"desktop":{"background-color":"var(--ast-global-color-4)","background-image":"","background-repeat":"repeat","background-position":"center center","background-size":"auto","background-attachment":"scroll","background-type":"","background-media":"","overlay-type":"","overlay-color":"","overlay-opacity":"","overlay-gradient":""},"tablet":{"background-color":"","background-image":"","background-repeat":"repeat","background-position":"center center","background-size":"auto","background-attachment":"scroll","background-type":"","background-media":"","overlay-type":"","overlay-color":"","overlay-opacity":"","overlay-gradient":""},"mobile":{"background-color":"","background-image":"","background-repeat":"repeat","background-position":"center center","background-size":"auto","background-attachment":"scroll","background-type":"","background-media":"","overlay-type":"","overlay-color":"","overlay-opacity":"","overlay-gradient":""}},"ast-content-background-meta":{"desktop":{"background-color":"var(--ast-global-color-5)","background-image":"","background-repeat":"repeat","background-position":"center center","background-size":"auto","background-attachment":"scroll","background-type":"","background-media":"","overlay-type":"","overlay-color":"","overlay-opacity":"","overlay-gradient":""},"tablet":{"background-color":"var(--ast-global-color-5)","background-image":"","background-repeat":"repeat","background-position":"center center","background-size":"auto","background-attachment":"scroll","background-type":"","background-media":"","overlay-type":"","overlay-color":"","overlay-opacity":"","overlay-gradient":""},"mobile":{"background-color":"var(--ast-global-color-5)","background-image":"","background-repeat":"repeat","background-position":"center center","background-size":"auto","background-attachment":"scroll","background-type":"","background-media":"","overlay-type":"","overlay-color":"","overlay-opacity":"","overlay-gradient":""}},"footnotes":""},"class_list":["post-3321","page","type-page","status-publish","hentry"],"_links":{"self":[{"href":"https:\/\/icnaam.org\/wp-json\/wp\/v2\/pages\/3321","targetHints":{"allow":["GET"]}}],"collection":[{"href":"https:\/\/icnaam.org\/wp-json\/wp\/v2\/pages"}],"about":[{"href":"https:\/\/icnaam.org\/wp-json\/wp\/v2\/types\/page"}],"author":[{"embeddable":true,"href":"https:\/\/icnaam.org\/wp-json\/wp\/v2\/users\/1"}],"replies":[{"embeddable":true,"href":"https:\/\/icnaam.org\/wp-json\/wp\/v2\/comments?post=3321"}],"version-history":[{"count":31,"href":"https:\/\/icnaam.org\/wp-json\/wp\/v2\/pages\/3321\/revisions"}],"predecessor-version":[{"id":4616,"href":"https:\/\/icnaam.org\/wp-json\/wp\/v2\/pages\/3321\/revisions\/4616"}],"up":[{"embeddable":true,"href":"https:\/\/icnaam.org\/wp-json\/wp\/v2\/pages\/3311"}],"wp:attachment":[{"href":"https:\/\/icnaam.org\/wp-json\/wp\/v2\/media?parent=3321"}],"curies":[{"name":"wp","href":"https:\/\/api.w.org\/{rel}","templated":true}]}}